{"id":9215,"date":"2024-05-28T12:18:26","date_gmt":"2024-05-28T10:18:26","guid":{"rendered":"https:\/\/loenstrup-camping.dk\/surroundings\/"},"modified":"2024-06-24T14:35:25","modified_gmt":"2024-06-24T12:35:25","slug":"surroundings","status":"publish","type":"page","link":"https:\/\/loenstrup-camping.dk\/en\/surroundings\/","title":{"rendered":"Surroundings"},"content":{"rendered":"\t\t<div data-elementor-type=\"wp-page\" data-elementor-id=\"9215\" class=\"elementor elementor-9215 elementor-8568\" data-elementor-post-type=\"page\">\n\t\t\t\t<div class=\"elementor-element elementor-element-443440a5 white e-flex e-con-boxed e-con e-parent\" data-id=\"443440a5\" data-element_type=\"container\" data-e-type=\"container\" data-settings=\"{&quot;background_background&quot;:&quot;classic&quot;}\">\n\t\t\t\t\t<div class=\"e-con-inner\">\n\t\t\t\t<div class=\"elementor-element elementor-element-5e84a6d3 elementor-icon-list--layout-inline elementor-align-center elementor-list-item-link-full_width elementor-widget elementor-widget-icon-list\" data-id=\"5e84a6d3\" data-element_type=\"widget\" data-e-type=\"widget\" data-widget_type=\"icon-list.default\">\n\t\t\t\t<div class=\"elementor-widget-container\">\n\t\t\t\t\t\t\t<ul class=\"elementor-icon-list-items elementor-inline-items\">\n\t\t\t\t\t\t\t<li class=\"elementor-icon-list-item elementor-inline-item\">\n\t\t\t\t\t\t\t\t\t\t\t<a href=\"tel:40450135\">\n\n\t\t\t\t\t\t\t\t\t\t\t<span class=\"elementor-icon-list-text\">(+45) 40 45 01 35<\/span>\n\t\t\t\t\t\t\t\t\t\t\t<\/a>\n\t\t\t\t\t\t\t\t\t<\/li>\n\t\t\t\t\t\t\t\t<li class=\"elementor-icon-list-item elementor-inline-item\">\n\t\t\t\t\t\t\t\t\t\t\t<a href=\"mailto:Info@959.DK\">\n\n\t\t\t\t\t\t\t\t\t\t\t<span class=\"elementor-icon-list-text\">Info@959.DK<\/span>\n\t\t\t\t\t\t\t\t\t\t\t<\/a>\n\t\t\t\t\t\t\t\t\t<\/li>\n\t\t\t\t\t\t<\/ul>\n\t\t\t\t\t\t<\/div>\n\t\t\t\t<\/div>\n\t\t\t\t\t<\/div>\n\t\t\t\t<\/div>\n\t\t<div class=\"elementor-element elementor-element-5e9e80a1 e-flex e-con-boxed e-con e-parent\" data-id=\"5e9e80a1\" data-element_type=\"container\" data-e-type=\"container\">\n\t\t\t\t\t<div class=\"e-con-inner\">\n\t\t<div class=\"elementor-element elementor-element-4dcaee39 e-con-full e-flex e-con e-child\" data-id=\"4dcaee39\" data-element_type=\"container\" data-e-type=\"container\">\n\t\t\t\t<div class=\"elementor-element elementor-element-5fa776cb elementor-widget elementor-widget-text-editor\" data-id=\"5fa776cb\" data-element_type=\"widget\" data-e-type=\"widget\" data-widget_type=\"text-editor.default\">\n\t\t\t\t<div class=\"elementor-widget-container\">\n\t\t\t\t\t\t\t\t\t<h2>Surroundings<\/h2>\n<p>By car or bus you can reach all sights and attractions of Northern Jutland within one hour. Golf and tennis courses, swimming bath\/aqua park, museums and walking trails are all within a short distance.<br \/>\nAt the 90 m high sand dune of Rubjerg Knude you will see the sanded up Lighthouse.<\/p>\n<p>The 15 km long L\u00f8nstrup Klit (dune) is Denmark\u2019s best stretch for paragliding.<\/p>\n<p>Within a few km you will find some of the major attractions of this region like \u00d8rnereservatet, Nords\u00f8en Oceanarium, Faarup Sommerland, and the town of Skagen with Grenen, the harbour and the famous art museums.<\/p>\n\t\t\t\t\t\t\t\t<\/div>\n\t\t\t\t<\/div>\n\t\t\t\t<\/div>\n\t\t<div class=\"elementor-element elementor-element-3eee8673 e-con-full e-flex e-con e-child\" data-id=\"3eee8673\" data-element_type=\"container\" data-e-type=\"container\">\n\t\t\t\t<div class=\"elementor-element elementor-element-5f513cf9 accent elementor-widget elementor-widget-sidebar\" data-id=\"5f513cf9\" data-element_type=\"widget\" data-e-type=\"widget\" data-widget_type=\"sidebar.default\">\n\t\t\t\t<div class=\"elementor-widget-container\">\n\t\t\t\t\t<aside id=\"text-12\" class=\"widget-odd widget-3 widget inner-padding widget_text\"><h2 class=\"widget-title\">Contact me today<\/h2>\t\t\t<div class=\"textwidget\"><p>Fill out the form and we will contact you as soon as possible.<\/p>\n<\/div>\n\t\t<\/aside><aside id=\"forminator_widget-3\" class=\"widget-even widget-last widget-4 widget inner-padding widget_forminator_widget\"><form id=\"forminator-module-9293\" class=\"forminator-custom-form forminator-custom-form-9293\" method=\"post\" data-forminator-render=\"0\" data-uid=\"69fafa9bc80fd\"><div role=\"alert\" aria-live=\"polite\" class=\"forminator-response-message forminator-error\" aria-hidden=\"true\"><\/div><\/form><\/aside>\t\t\t\t<\/div>\n\t\t\t\t<\/div>\n\t\t\t\t<div class=\"elementor-element elementor-element-2c8b9dd elementor-align-justify elementor-widget elementor-widget-button\" data-id=\"2c8b9dd\" data-element_type=\"widget\" data-e-type=\"widget\" data-widget_type=\"button.default\">\n\t\t\t\t<div class=\"elementor-widget-container\">\n\t\t\t\t\t\t\t\t\t<div class=\"elementor-button-wrapper\">\n\t\t\t\t\t<a class=\"elementor-button elementor-button-link elementor-size-sm\" href=\"https:\/\/online.next-stay-booking.dk\/search\/e58e78ae-f7fb-483f-9bef-cd078e7153c2\" target=\"_blank\">\n\t\t\t\t\t\t<span class=\"elementor-button-content-wrapper\">\n\t\t\t\t\t\t\t\t\t<span class=\"elementor-button-text\">Online booking<\/span>\n\t\t\t\t\t<\/span>\n\t\t\t\t\t<\/a>\n\t\t\t\t<\/div>\n\t\t\t\t\t\t\t\t<\/div>\n\t\t\t\t<\/div>\n\t\t\t\t<\/div>\n\t\t\t\t\t<\/div>\n\t\t\t\t<\/div>\n\t\t<div class=\"elementor-element elementor-element-6b8d34e light e-flex e-con-boxed e-con e-parent\" data-id=\"6b8d34e\" data-element_type=\"container\" data-e-type=\"container\">\n\t\t\t\t\t<div class=\"e-con-inner\">\n\t\t\t\t<div class=\"elementor-element elementor-element-6f2c2b22 elementor-widget elementor-widget-gallery\" data-id=\"6f2c2b22\" data-element_type=\"widget\" data-e-type=\"widget\" data-settings=\"{&quot;columns_tablet&quot;:3,&quot;columns_mobile&quot;:2,&quot;gap_tablet&quot;:{&quot;unit&quot;:&quot;px&quot;,&quot;size&quot;:15,&quot;sizes&quot;:[]},&quot;gap_mobile&quot;:{&quot;unit&quot;:&quot;px&quot;,&quot;size&quot;:15,&quot;sizes&quot;:[]},&quot;gallery_layout&quot;:&quot;masonry&quot;,&quot;columns&quot;:3,&quot;lazyload&quot;:&quot;yes&quot;,&quot;gap&quot;:{&quot;unit&quot;:&quot;px&quot;,&quot;size&quot;:10,&quot;sizes&quot;:[]},&quot;gap_laptop&quot;:{&quot;unit&quot;:&quot;px&quot;,&quot;size&quot;:10,&quot;sizes&quot;:[]},&quot;link_to&quot;:&quot;file&quot;,&quot;content_hover_animation&quot;:&quot;fade-in&quot;}\" data-widget_type=\"gallery.default\">\n\t\t\t\t<div class=\"elementor-widget-container\">\n\t\t\t\t\t\t\t<div class=\"elementor-gallery__container\">\n\t\t\t\t\t\t\t<a class=\"e-gallery-item elementor-gallery-item elementor-animated-content\" href=\"https:\/\/loenstrup-camping.dk\/wp-content\/uploads\/2024\/05\/DSC_6153-1024x681-1.jpg\" data-elementor-open-lightbox=\"yes\" data-elementor-lightbox-slideshow=\"6f2c2b22\" data-e-action-hash=\"#elementor-action%3Aaction%3Dlightbox%26settings%3DeyJpZCI6OTE5NiwidXJsIjoiaHR0cHM6XC9cL2xvZW5zdHJ1cC1jYW1waW5nLmRrXC93cC1jb250ZW50XC91cGxvYWRzXC8yMDI0XC8wNVwvRFNDXzYxNTMtMTAyNHg2ODEtMS5qcGciLCJzbGlkZXNob3ciOiI2ZjJjMmIyMiJ9\">\n\t\t\t\t\t<div class=\"e-gallery-image elementor-gallery-item__image\" data-thumbnail=\"https:\/\/loenstrup-camping.dk\/wp-content\/uploads\/2024\/05\/DSC_6153-1024x681-1.jpg\" data-width=\"1024\" data-height=\"681\" aria-label=\"Fyrt\u00e5rn\" role=\"img\" ><\/div>\n\t\t\t\t\t\t\t\t\t\t\t\t\t\t<\/a>\n\t\t\t\t\t\t\t<a class=\"e-gallery-item elementor-gallery-item elementor-animated-content\" href=\"https:\/\/loenstrup-camping.dk\/wp-content\/uploads\/2024\/05\/DSC_6181-1024x681-1.jpg\" data-elementor-open-lightbox=\"yes\" data-elementor-lightbox-slideshow=\"6f2c2b22\" data-e-action-hash=\"#elementor-action%3Aaction%3Dlightbox%26settings%3DeyJpZCI6OTE5NCwidXJsIjoiaHR0cHM6XC9cL2xvZW5zdHJ1cC1jYW1waW5nLmRrXC93cC1jb250ZW50XC91cGxvYWRzXC8yMDI0XC8wNVwvRFNDXzYxODEtMTAyNHg2ODEtMS5qcGciLCJzbGlkZXNob3ciOiI2ZjJjMmIyMiJ9\">\n\t\t\t\t\t<div class=\"e-gallery-image elementor-gallery-item__image\" data-thumbnail=\"https:\/\/loenstrup-camping.dk\/wp-content\/uploads\/2024\/05\/DSC_6181-1024x681-1.jpg\" data-width=\"1024\" data-height=\"681\" aria-label=\"Camping stedet oppe fra\" role=\"img\" ><\/div>\n\t\t\t\t\t\t\t\t\t\t\t\t\t\t<\/a>\n\t\t\t\t\t\t\t<a class=\"e-gallery-item elementor-gallery-item elementor-animated-content\" href=\"https:\/\/loenstrup-camping.dk\/wp-content\/uploads\/2024\/05\/DSC_6462-1024x681-1.jpg\" data-elementor-open-lightbox=\"yes\" data-elementor-lightbox-slideshow=\"6f2c2b22\" data-e-action-hash=\"#elementor-action%3Aaction%3Dlightbox%26settings%3DeyJpZCI6OTE5NSwidXJsIjoiaHR0cHM6XC9cL2xvZW5zdHJ1cC1jYW1waW5nLmRrXC93cC1jb250ZW50XC91cGxvYWRzXC8yMDI0XC8wNVwvRFNDXzY0NjItMTAyNHg2ODEtMS5qcGciLCJzbGlkZXNob3ciOiI2ZjJjMmIyMiJ9\">\n\t\t\t\t\t<div class=\"e-gallery-image elementor-gallery-item__image\" data-thumbnail=\"https:\/\/loenstrup-camping.dk\/wp-content\/uploads\/2024\/05\/DSC_6462-1024x681-1.jpg\" data-width=\"1024\" data-height=\"681\" aria-label=\"Byen\" role=\"img\" ><\/div>\n\t\t\t\t\t\t\t\t\t\t\t\t\t\t<\/a>\n\t\t\t\t\t\t\t<a class=\"e-gallery-item elementor-gallery-item elementor-animated-content\" href=\"https:\/\/loenstrup-camping.dk\/wp-content\/uploads\/2024\/05\/Klint_i_Loenstrup-846x635-1.jpg\" data-elementor-open-lightbox=\"yes\" data-elementor-lightbox-slideshow=\"6f2c2b22\" data-e-action-hash=\"#elementor-action%3Aaction%3Dlightbox%26settings%3DeyJpZCI6OTE5MywidXJsIjoiaHR0cHM6XC9cL2xvZW5zdHJ1cC1jYW1waW5nLmRrXC93cC1jb250ZW50XC91cGxvYWRzXC8yMDI0XC8wNVwvS2xpbnRfaV9Mb2Vuc3RydXAtODQ2eDYzNS0xLmpwZyIsInNsaWRlc2hvdyI6IjZmMmMyYjIyIn0%3D\">\n\t\t\t\t\t<div class=\"e-gallery-image elementor-gallery-item__image\" data-thumbnail=\"https:\/\/loenstrup-camping.dk\/wp-content\/uploads\/2024\/05\/Klint_i_Loenstrup-846x635-1.jpg\" data-width=\"846\" data-height=\"635\" aria-label=\"Klint i L\u00f8nstrup\" role=\"img\" ><\/div>\n\t\t\t\t\t\t\t\t\t\t\t\t\t\t<\/a>\n\t\t\t\t\t\t\t<a class=\"e-gallery-item elementor-gallery-item elementor-animated-content\" href=\"https:\/\/loenstrup-camping.dk\/wp-content\/uploads\/2024\/05\/Loenstrup_kirke_afstand-846x566-1.jpg\" data-elementor-open-lightbox=\"yes\" data-elementor-lightbox-slideshow=\"6f2c2b22\" data-e-action-hash=\"#elementor-action%3Aaction%3Dlightbox%26settings%3DeyJpZCI6OTE5MiwidXJsIjoiaHR0cHM6XC9cL2xvZW5zdHJ1cC1jYW1waW5nLmRrXC93cC1jb250ZW50XC91cGxvYWRzXC8yMDI0XC8wNVwvTG9lbnN0cnVwX2tpcmtlX2Fmc3RhbmQtODQ2eDU2Ni0xLmpwZyIsInNsaWRlc2hvdyI6IjZmMmMyYjIyIn0%3D\">\n\t\t\t\t\t<div class=\"e-gallery-image elementor-gallery-item__image\" data-thumbnail=\"https:\/\/loenstrup-camping.dk\/wp-content\/uploads\/2024\/05\/Loenstrup_kirke_afstand-846x566-1.jpg\" data-width=\"846\" data-height=\"566\" aria-label=\"L\u00f8nstrup kirke\" role=\"img\" ><\/div>\n\t\t\t\t\t\t\t\t\t\t\t\t\t\t<\/a>\n\t\t\t\t\t\t\t<a class=\"e-gallery-item elementor-gallery-item elementor-animated-content\" href=\"https:\/\/loenstrup-camping.dk\/wp-content\/uploads\/2024\/05\/air-122-1024x681-1.jpg\" data-elementor-open-lightbox=\"yes\" data-elementor-lightbox-slideshow=\"6f2c2b22\" data-e-action-hash=\"#elementor-action%3Aaction%3Dlightbox%26settings%3DeyJpZCI6OTE5MSwidXJsIjoiaHR0cHM6XC9cL2xvZW5zdHJ1cC1jYW1waW5nLmRrXC93cC1jb250ZW50XC91cGxvYWRzXC8yMDI0XC8wNVwvYWlyLTEyMi0xMDI0eDY4MS0xLmpwZyIsInNsaWRlc2hvdyI6IjZmMmMyYjIyIn0%3D\">\n\t\t\t\t\t<div class=\"e-gallery-image elementor-gallery-item__image\" data-thumbnail=\"https:\/\/loenstrup-camping.dk\/wp-content\/uploads\/2024\/05\/air-122-1024x681-1.jpg\" data-width=\"1024\" data-height=\"681\" aria-label=\"\" role=\"img\" ><\/div>\n\t\t\t\t\t\t\t\t\t\t\t\t\t\t<\/a>\n\t\t\t\t\t<\/div>\n\t\t\t\t\t<\/div>\n\t\t\t\t<\/div>\n\t\t\t\t\t<\/div>\n\t\t\t\t<\/div>\n\t\t\t\t<\/div>\n\t\t","protected":false},"excerpt":{"rendered":"<p>(+45) 40 45 01 35 Info@959.DK Surroundings By car or bus you can reach all sights and attractions of Northern Jutland within one hour. Golf and tennis courses, swimming bath\/aqua park, museums and walking trails are all within a short distance. At the 90 m high sand dune of Rubjerg Knude you will see the &#8230; <a title=\"Surroundings\" class=\"read-more\" href=\"https:\/\/loenstrup-camping.dk\/en\/surroundings\/\" aria-label=\"Read more about Surroundings\">Read more<\/a><\/p>\n","protected":false},"author":10,"featured_media":9197,"parent":0,"menu_order":1007,"comment_status":"closed","ping_status":"closed","template":"","meta":{"_acf_changed":false,"footnotes":""},"categories":[],"class_list":["post-9215","page","type-page","status-publish","has-post-thumbnail"],"acf":[],"yoast_head":"<!-- This site is optimized with the Yoast SEO plugin v27.4 - https:\/\/yoast.com\/product\/yoast-seo-wordpress\/ -->\n<title>Surroundings | Egelunds Camping - Hytter og Motel<\/title>\n<meta name=\"robots\" content=\"index, follow, max-snippet:-1, max-image-preview:large, max-video-preview:-1\" \/>\n<link rel=\"canonical\" href=\"https:\/\/loenstrup-camping.dk\/byen-og-omraadet\/\" \/>\n<meta property=\"og:locale\" content=\"en_US\" \/>\n<meta property=\"og:type\" content=\"article\" \/>\n<meta property=\"og:title\" content=\"Surroundings | Egelunds Camping - Hytter og Motel\" \/>\n<meta property=\"og:description\" content=\"(+45) 40 45 01 35 Info@959.DK Surroundings By car or bus you can reach all sights and attractions of Northern Jutland within one hour. Golf and tennis courses, swimming bath\/aqua park, museums and walking trails are all within a short distance. At the 90 m high sand dune of Rubjerg Knude you will see the ... Read more\" \/>\n<meta property=\"og:url\" content=\"https:\/\/loenstrup-camping.dk\/byen-og-omraadet\/\" \/>\n<meta property=\"og:site_name\" content=\"Egelunds Camping - Hytter og Motel\" \/>\n<meta property=\"article:modified_time\" content=\"2024-06-24T12:35:25+00:00\" \/>\n<meta property=\"og:image\" content=\"https:\/\/loenstrup-camping.dk\/wp-content\/uploads\/2024\/05\/11-sea-beach-sand-wallpaper-1-1.jpg\" \/>\n\t<meta property=\"og:image:width\" content=\"1600\" \/>\n\t<meta property=\"og:image:height\" content=\"725\" \/>\n\t<meta property=\"og:image:type\" content=\"image\/jpeg\" \/>\n<meta name=\"twitter:card\" content=\"summary_large_image\" \/>\n<meta name=\"twitter:label1\" content=\"Est. reading time\" \/>\n\t<meta name=\"twitter:data1\" content=\"1 minute\" \/>\n<script type=\"application\/ld+json\" class=\"yoast-schema-graph\">{\"@context\":\"https:\\\/\\\/schema.org\",\"@graph\":[{\"@type\":\"WebPage\",\"@id\":\"https:\\\/\\\/loenstrup-camping.dk\\\/byen-og-omraadet\\\/\",\"url\":\"https:\\\/\\\/loenstrup-camping.dk\\\/byen-og-omraadet\\\/\",\"name\":\"Surroundings | Egelunds Camping - Hytter og Motel\",\"isPartOf\":{\"@id\":\"https:\\\/\\\/loenstrup-camping.dk\\\/#website\"},\"primaryImageOfPage\":{\"@id\":\"https:\\\/\\\/loenstrup-camping.dk\\\/byen-og-omraadet\\\/#primaryimage\"},\"image\":{\"@id\":\"https:\\\/\\\/loenstrup-camping.dk\\\/byen-og-omraadet\\\/#primaryimage\"},\"thumbnailUrl\":\"https:\\\/\\\/loenstrup-camping.dk\\\/wp-content\\\/uploads\\\/2024\\\/05\\\/11-sea-beach-sand-wallpaper-1-1.jpg\",\"datePublished\":\"2024-05-28T10:18:26+00:00\",\"dateModified\":\"2024-06-24T12:35:25+00:00\",\"breadcrumb\":{\"@id\":\"https:\\\/\\\/loenstrup-camping.dk\\\/byen-og-omraadet\\\/#breadcrumb\"},\"inLanguage\":\"en-US\",\"potentialAction\":[{\"@type\":\"ReadAction\",\"target\":[\"https:\\\/\\\/loenstrup-camping.dk\\\/byen-og-omraadet\\\/\"]}]},{\"@type\":\"ImageObject\",\"inLanguage\":\"en-US\",\"@id\":\"https:\\\/\\\/loenstrup-camping.dk\\\/byen-og-omraadet\\\/#primaryimage\",\"url\":\"https:\\\/\\\/loenstrup-camping.dk\\\/wp-content\\\/uploads\\\/2024\\\/05\\\/11-sea-beach-sand-wallpaper-1-1.jpg\",\"contentUrl\":\"https:\\\/\\\/loenstrup-camping.dk\\\/wp-content\\\/uploads\\\/2024\\\/05\\\/11-sea-beach-sand-wallpaper-1-1.jpg\",\"width\":1600,\"height\":725},{\"@type\":\"BreadcrumbList\",\"@id\":\"https:\\\/\\\/loenstrup-camping.dk\\\/byen-og-omraadet\\\/#breadcrumb\",\"itemListElement\":[{\"@type\":\"ListItem\",\"position\":1,\"name\":\"Forside\",\"item\":\"https:\\\/\\\/loenstrup-camping.dk\\\/\"},{\"@type\":\"ListItem\",\"position\":2,\"name\":\"Surroundings\"}]},{\"@type\":\"WebSite\",\"@id\":\"https:\\\/\\\/loenstrup-camping.dk\\\/#website\",\"url\":\"https:\\\/\\\/loenstrup-camping.dk\\\/\",\"name\":\"Egelunds Camping - Hytter og Motel\",\"description\":\"Campingplads i Hj\u00f8rring n\u00e6r L\u00f8nstrup i Nordjylland\",\"publisher\":{\"@id\":\"https:\\\/\\\/loenstrup-camping.dk\\\/#organization\"},\"potentialAction\":[{\"@type\":\"SearchAction\",\"target\":{\"@type\":\"EntryPoint\",\"urlTemplate\":\"https:\\\/\\\/loenstrup-camping.dk\\\/?s={search_term_string}\"},\"query-input\":{\"@type\":\"PropertyValueSpecification\",\"valueRequired\":true,\"valueName\":\"search_term_string\"}}],\"inLanguage\":\"en-US\"},{\"@type\":\"Organization\",\"@id\":\"https:\\\/\\\/loenstrup-camping.dk\\\/#organization\",\"name\":\"Egelunds Camping - Hytter og Motel\",\"url\":\"https:\\\/\\\/loenstrup-camping.dk\\\/\",\"logo\":{\"@type\":\"ImageObject\",\"inLanguage\":\"en-US\",\"@id\":\"https:\\\/\\\/loenstrup-camping.dk\\\/#\\\/schema\\\/logo\\\/image\\\/\",\"url\":\"https:\\\/\\\/loenstrup-camping.dk\\\/wp-content\\\/uploads\\\/2026\\\/05\\\/cropped-LOGO.png\",\"contentUrl\":\"https:\\\/\\\/loenstrup-camping.dk\\\/wp-content\\\/uploads\\\/2026\\\/05\\\/cropped-LOGO.png\",\"width\":1401,\"height\":429,\"caption\":\"Egelunds Camping  -  Hytter og Motel\"},\"image\":{\"@id\":\"https:\\\/\\\/loenstrup-camping.dk\\\/#\\\/schema\\\/logo\\\/image\\\/\"}}]}<\/script>\n<!-- \/ Yoast SEO plugin. -->","yoast_head_json":{"title":"Surroundings | Egelunds Camping - Hytter og Motel","robots":{"index":"index","follow":"follow","max-snippet":"max-snippet:-1","max-image-preview":"max-image-preview:large","max-video-preview":"max-video-preview:-1"},"canonical":"https:\/\/loenstrup-camping.dk\/byen-og-omraadet\/","og_locale":"en_US","og_type":"article","og_title":"Surroundings | Egelunds Camping - Hytter og Motel","og_description":"(+45) 40 45 01 35 Info@959.DK Surroundings By car or bus you can reach all sights and attractions of Northern Jutland within one hour. Golf and tennis courses, swimming bath\/aqua park, museums and walking trails are all within a short distance. At the 90 m high sand dune of Rubjerg Knude you will see the ... Read more","og_url":"https:\/\/loenstrup-camping.dk\/byen-og-omraadet\/","og_site_name":"Egelunds Camping - Hytter og Motel","article_modified_time":"2024-06-24T12:35:25+00:00","og_image":[{"width":1600,"height":725,"url":"https:\/\/loenstrup-camping.dk\/wp-content\/uploads\/2024\/05\/11-sea-beach-sand-wallpaper-1-1.jpg","type":"image\/jpeg"}],"twitter_card":"summary_large_image","twitter_misc":{"Est. reading time":"1 minute"},"schema":{"@context":"https:\/\/schema.org","@graph":[{"@type":"WebPage","@id":"https:\/\/loenstrup-camping.dk\/byen-og-omraadet\/","url":"https:\/\/loenstrup-camping.dk\/byen-og-omraadet\/","name":"Surroundings | Egelunds Camping - Hytter og Motel","isPartOf":{"@id":"https:\/\/loenstrup-camping.dk\/#website"},"primaryImageOfPage":{"@id":"https:\/\/loenstrup-camping.dk\/byen-og-omraadet\/#primaryimage"},"image":{"@id":"https:\/\/loenstrup-camping.dk\/byen-og-omraadet\/#primaryimage"},"thumbnailUrl":"https:\/\/loenstrup-camping.dk\/wp-content\/uploads\/2024\/05\/11-sea-beach-sand-wallpaper-1-1.jpg","datePublished":"2024-05-28T10:18:26+00:00","dateModified":"2024-06-24T12:35:25+00:00","breadcrumb":{"@id":"https:\/\/loenstrup-camping.dk\/byen-og-omraadet\/#breadcrumb"},"inLanguage":"en-US","potentialAction":[{"@type":"ReadAction","target":["https:\/\/loenstrup-camping.dk\/byen-og-omraadet\/"]}]},{"@type":"ImageObject","inLanguage":"en-US","@id":"https:\/\/loenstrup-camping.dk\/byen-og-omraadet\/#primaryimage","url":"https:\/\/loenstrup-camping.dk\/wp-content\/uploads\/2024\/05\/11-sea-beach-sand-wallpaper-1-1.jpg","contentUrl":"https:\/\/loenstrup-camping.dk\/wp-content\/uploads\/2024\/05\/11-sea-beach-sand-wallpaper-1-1.jpg","width":1600,"height":725},{"@type":"BreadcrumbList","@id":"https:\/\/loenstrup-camping.dk\/byen-og-omraadet\/#breadcrumb","itemListElement":[{"@type":"ListItem","position":1,"name":"Forside","item":"https:\/\/loenstrup-camping.dk\/"},{"@type":"ListItem","position":2,"name":"Surroundings"}]},{"@type":"WebSite","@id":"https:\/\/loenstrup-camping.dk\/#website","url":"https:\/\/loenstrup-camping.dk\/","name":"Egelunds Camping - Hytter og Motel","description":"Campingplads i Hj\u00f8rring n\u00e6r L\u00f8nstrup i Nordjylland","publisher":{"@id":"https:\/\/loenstrup-camping.dk\/#organization"},"potentialAction":[{"@type":"SearchAction","target":{"@type":"EntryPoint","urlTemplate":"https:\/\/loenstrup-camping.dk\/?s={search_term_string}"},"query-input":{"@type":"PropertyValueSpecification","valueRequired":true,"valueName":"search_term_string"}}],"inLanguage":"en-US"},{"@type":"Organization","@id":"https:\/\/loenstrup-camping.dk\/#organization","name":"Egelunds Camping - Hytter og Motel","url":"https:\/\/loenstrup-camping.dk\/","logo":{"@type":"ImageObject","inLanguage":"en-US","@id":"https:\/\/loenstrup-camping.dk\/#\/schema\/logo\/image\/","url":"https:\/\/loenstrup-camping.dk\/wp-content\/uploads\/2026\/05\/cropped-LOGO.png","contentUrl":"https:\/\/loenstrup-camping.dk\/wp-content\/uploads\/2026\/05\/cropped-LOGO.png","width":1401,"height":429,"caption":"Egelunds Camping  -  Hytter og Motel"},"image":{"@id":"https:\/\/loenstrup-camping.dk\/#\/schema\/logo\/image\/"}}]}},"_links":{"self":[{"href":"https:\/\/loenstrup-camping.dk\/en\/wp-json\/wp\/v2\/pages\/9215","targetHints":{"allow":["GET"]}}],"collection":[{"href":"https:\/\/loenstrup-camping.dk\/en\/wp-json\/wp\/v2\/pages"}],"about":[{"href":"https:\/\/loenstrup-camping.dk\/en\/wp-json\/wp\/v2\/types\/page"}],"author":[{"embeddable":true,"href":"https:\/\/loenstrup-camping.dk\/en\/wp-json\/wp\/v2\/users\/10"}],"replies":[{"embeddable":true,"href":"https:\/\/loenstrup-camping.dk\/en\/wp-json\/wp\/v2\/comments?post=9215"}],"version-history":[{"count":1,"href":"https:\/\/loenstrup-camping.dk\/en\/wp-json\/wp\/v2\/pages\/9215\/revisions"}],"predecessor-version":[{"id":9216,"href":"https:\/\/loenstrup-camping.dk\/en\/wp-json\/wp\/v2\/pages\/9215\/revisions\/9216"}],"wp:featuredmedia":[{"embeddable":true,"href":"https:\/\/loenstrup-camping.dk\/en\/wp-json\/wp\/v2\/media\/9197"}],"wp:attachment":[{"href":"https:\/\/loenstrup-camping.dk\/en\/wp-json\/wp\/v2\/media?parent=9215"}],"wp:term":[{"taxonomy":"category","embeddable":true,"href":"https:\/\/loenstrup-camping.dk\/en\/wp-json\/wp\/v2\/categories?post=9215"}],"curies":[{"name":"wp","href":"https:\/\/api.w.org\/{rel}","templated":true}]}}